{"id":39,"date":"2023-04-03T19:16:29","date_gmt":"2023-04-03T17:16:29","guid":{"rendered":"https:\/\/consolatozurigo.esteri.it\/?page_id=39"},"modified":"2023-11-26T19:40:05","modified_gmt":"2023-11-26T17:40:05","slug":"la-rete-consolare","status":"publish","type":"page","link":"https:\/\/consbengasi.esteri.it\/it\/chi-siamo\/la-rete-consolare\/","title":{"rendered":"La Rete Consolare"},"content":{"rendered":"<p>La circoscrizione consolare della\u00a0<strong>Cancelleria Consolare dell\u2019Ambasciata d\u2019Italia a Tripoli<\/strong>\u00a0comprende le Baladiye di Tripoli, Nigat al-Khams, al-Jebel al Gharbi, Shararah e Golfo della Sirte.<\/p>\n<p>La Sezione Visti dell\u2019Ambasciata d\u2019Italia in Libia \u00e8 operativa dalle ore 09.30 alle ore 15.30, dalla Domenica al Gioved\u00ec. La Sezione Visti \u00e8 contattabile, negli orari e giorni indicati, al numero di telefono: 00218917134374<\/p>\n<p>Per ogni informazione e richiesta, la Sezione Visti \u00e8 raggiungibile all\u2019indirizzo mail:\u00a0<a href=\"mailto:tripoli.visa@esteri.it\">tripoli.visa@esteri.it<\/a><\/p>\n<p>La Sezione Consolare \u00e8 raggiungibile all\u2019indirizzo email\u00a0<a href=\"mailto:consolato.tripoli@esteri.it\">consolato.tripoli@esteri.it<\/a>\u00a0o PEC\u00a0<a href=\"mailto:con.tripoli@cert.esteri.it\">con.tripoli@cert.esteri.it<\/a><\/p>\n<p>La circoscrizione consolare del\u00a0<strong>Consolato Generale d\u2019Italia a Bengasi<\/strong>\u00a0comprende le Baladye di Bayan al-Awwal e al-Jebel al-Akhdhar. Il Consolato Generale a Bengasi pu\u00f2 essere contattato all\u2019indirizzo email\u00a0<a href=\"mailto:consolato.bengasi@esteri.it\">consolato.bengasi@esteri.it<\/a>.<\/p>\n<p><strong>Consolato Onorario in Tobruq<\/strong><\/p>\n<p><strong>Il Console Onorario<\/strong><\/p>\n<p>Hussein El Mabruk<\/p>\n<p><a href=\"mailto:tobruq.onorario@esteri.it\">tobruq.onorario@esteri.it<\/a><br \/>\n<a href=\"https:\/\/ambtripoli.esteri.it\/wp-content\/uploads\/2023\/11\/estratto_dlf_co_el_mabruk_tobruq_libia.doc\">Decreto di Limitazione di funzioni del titolare del Consolato Onorario in Tobruq\u00a0<\/a><\/p>\n","protected":false},"excerpt":{"rendered":"La circoscrizione consolare della\u00a0Cancelleria Consolare dell\u2019Ambasciata d\u2019Italia a Tripoli\u00a0comprende le Baladiye di Tripoli, Nigat al-Khams, al-Jebel al Gharbi, Shararah e Golfo della Sirte. La Sezione Visti dell\u2019Ambasciata d\u2019Italia in Libia \u00e8 operativa dalle ore 09.30 alle ore 15.30, dalla Domenica al Gioved\u00ec. La Sezione Visti \u00e8 contattabile, negli orari e giorni indicati, al numero di [&hellip;]","protected":false},"author":1,"featured_media":0,"parent":13,"menu_order":12,"comment_status":"closed","ping_status":"closed","template":"","meta":{"footnotes":""},"class_list":["post-39","page","type-page","status-publish","hentry"],"_links":{"self":[{"href":"https:\/\/consbengasi.esteri.it\/it\/wp-json\/wp\/v2\/pages\/39","targetHints":{"allow":["GET"]}}],"collection":[{"href":"https:\/\/consbengasi.esteri.it\/it\/wp-json\/wp\/v2\/pages"}],"about":[{"href":"https:\/\/consbengasi.esteri.it\/it\/wp-json\/wp\/v2\/types\/page"}],"author":[{"embeddable":true,"href":"https:\/\/consbengasi.esteri.it\/it\/wp-json\/wp\/v2\/users\/1"}],"replies":[{"embeddable":true,"href":"https:\/\/consbengasi.esteri.it\/it\/wp-json\/wp\/v2\/comments?post=39"}],"version-history":[{"count":1,"href":"https:\/\/consbengasi.esteri.it\/it\/wp-json\/wp\/v2\/pages\/39\/revisions"}],"predecessor-version":[{"id":312,"href":"https:\/\/consbengasi.esteri.it\/it\/wp-json\/wp\/v2\/pages\/39\/revisions\/312"}],"up":[{"embeddable":true,"href":"https:\/\/consbengasi.esteri.it\/it\/wp-json\/wp\/v2\/pages\/13"}],"wp:attachment":[{"href":"https:\/\/consbengasi.esteri.it\/it\/wp-json\/wp\/v2\/media?parent=39"}],"curies":[{"name":"wp","href":"https:\/\/api.w.org\/{rel}","templated":true}]}}